{"id":19,"date":"2023-12-01T06:26:35","date_gmt":"2023-12-01T06:26:35","guid":{"rendered":"https:\/\/kenny.baclawski.org\/?page_id=19"},"modified":"2023-12-01T20:24:06","modified_gmt":"2023-12-01T20:24:06","slug":"papers","status":"publish","type":"page","link":"https:\/\/kenny.baclawski.org\/index.php\/papers\/","title":{"rendered":"Research"},"content":{"rendered":"\n<p>Please find PDFs of some of my papers, presentations, and other manuscripts below.<\/p>\n\n\n\n<h2 class=\"wp-block-heading\">Publications<\/h2>\n\n\n\n<details class=\"wp-block-details is-layout-flow wp-block-details-is-layout-flow\"><summary>Peer-reviewed journal publications<\/summary>\n<div class=\"wp-block-group has-global-padding is-layout-constrained wp-block-group-is-layout-constrained\">\n<div class=\"wp-block-group is-vertical is-content-justification-left is-layout-flex wp-container-core-group-is-layout-dd225191 wp-block-group-is-layout-flex\">\n<p><a href=\"https:\/\/kenny.baclawski.org\/wp-content\/uploads\/2023\/12\/Baclawski_2023_Multi-functional_deictics.pdf\" data-type=\"attachment\" data-id=\"15\" target=\"_blank\" rel=\"noreferrer noopener\"><strong>Baclawski Jr, Kenneth<\/strong>. To appear. \u201cMulti-functional deictics in South Central Tibeto-Burman.\u201d <em>Himalayan Linguistics<\/em>. Accepted, expected 2023.<\/a><\/p>\n\n\n\n<p><a href=\"https:\/\/doi.org\/10.1075\/aplv.17003.bac\" target=\"_blank\" rel=\"noreferrer noopener\"><strong>Baclawski Jr, Kenneth.<\/strong> 2018. \u201cDiglossia and change from below in Eastern Cham.\u201d <em>Asia-Pacific Language Variation<\/em> 4.1: 73\u2013102. John Benjamins<\/a>.<\/p>\n\n\n\n<p><a href=\"https:\/\/openresearch-repository.anu.edu.au\/handle\/1885\/105175\" target=\"_blank\" rel=\"noreferrer noopener\"><strong>Baclawski Jr, Kenneth<\/strong> &amp; Peter Jenks. 2016. \u201cClefts and Anti-Superiority in Moken.\u201d <em>The Journal of the Southeast Asian Linguistics Society<\/em> 9: 81\u201396. ANU Research Publications.<\/a><\/p>\n\n\n\n<p><a href=\"https:\/\/doi.org\/10.1017\/S0954394513000227\" target=\"_blank\" rel=\"noreferrer noopener\">Stanford, James N., Nathan Severance &amp;<strong> Kenneth Baclawski Jr<\/strong>. 2014. \u201cMultiple vectors of unidirectional dialect change in Eastern New England.\u201d <em>Language Variation and Change<\/em> 26.1: 103\u2013140. Cambridge University Press.<\/a><\/p>\n\n\n\n<p><a href=\"https:\/\/doi.org\/10.1215\/00031283-1668190\" target=\"_blank\" rel=\"noreferrer noopener\">Stanford, James N., Tom Leddy-Cecere &amp; <strong>Kenneth Baclawski Jr<\/strong>. 2012. \u201cFarewell to the founders: Major dialect changes along the east-west New England border.\u201d <em>American Speech<\/em> 89.2: 126\u2013169. Duke University Press.<\/a><\/p>\n<\/div>\n<\/div>\n<\/details>\n\n\n\n<details class=\"wp-block-details is-layout-flow wp-block-details-is-layout-flow\"><summary>Conference proceedings and working papers<\/summary>\n<div class=\"wp-block-group has-global-padding is-layout-constrained wp-block-group-is-layout-constrained\">\n<p><a href=\"https:\/\/ir.lib.uwo.ca\/cgi\/viewcontent.cgi?article=1046&amp;context=afla\"><strong>Baclawski Jr, Kenneth<\/strong>. 2020. \u201cOptional <em>wh<\/em>-movement and topicalization in Eastern Cham.\u201d In, Ileana Paul (ed.), <em>Proceedings of the Twenty-Sixth Meeting of the Austronesian Formal Linguistics Association<\/em> (AFLA): 1\u201317.<\/a><\/p>\n\n\n\n<p><a href=\"http:\/\/dx.doi.org\/10.3765\/plsa.v4i1.4544\" target=\"_blank\" rel=\"noreferrer noopener\"><strong>Baclawski Jr, Kenneth<\/strong>. 2019. \u201cOptional <em>wh<\/em>-movement is discourse-connected movement in Eastern Cham.\u201d <em>Proceedings of the Linguistic Society of America <\/em>4.43: 1\u201313. Linguistic Society of America.<\/a><\/p>\n\n\n\n<p><a href=\"https:\/\/escholarship.org\/uc\/item\/3hp0s863\" target=\"_blank\" rel=\"noreferrer noopener\"><strong>Baclawski Jr, Kenneth<\/strong>. 2018. \u201cContrastive topic in Eastern Cham.\u201d <em>Berkeley Papers in Formal Linguistics<\/em> 1.1.<\/a><\/p>\n\n\n\n<p><a href=\"http:\/\/www.lingref.com\/cpp\/wccfl\/35\/paper3378.pdf\" target=\"_blank\" rel=\"noreferrer noopener\"><strong>Baclawski Jr, Kenneth<\/strong>. 2018. \u201cSubpart of Focus Fronting is discourse subordination.\u201d In, Wm. G. Bennett, Lindsay Hracs &amp; Dennis Ryan Storoshenko (eds.), <em>Proceedings of the 35th West Coast Conference on Formal Linguistics<\/em>: 87\u201395.<\/a><\/p>\n\n\n\n<p><a href=\"https:\/\/doi.org\/10.3765\/plsa.v2i0.4066\" target=\"_blank\" rel=\"noreferrer noopener\"><strong>Baclawski Jr, Kenneth<\/strong>. 2017. \u201cClause-final particles and focus in Eastern Cham.\u201d <em>Proceedings of the Linguistic Society of America<\/em> 2.18: 1\u201312. Linguistic Society of America.<\/a><\/p>\n\n\n\n<p><a href=\"https:\/\/repository.upenn.edu\/pwpl\/vol17\/iss2\/15\" target=\"_blank\" rel=\"noreferrer noopener\">Leddy-Cecere, Tom, <strong>Kenneth Baclawski Jr<\/strong>, Nacole Walker &amp; James N. Stanford. 2011. \u201cNew England borderlands: A new investigation of the east-west dialect boundary.\u201d <em>University of Pennsylvania Working Papers in Linguistics: Selected papers from NWAV-39<\/em> 17.2, Article 15.<\/a><\/p>\n<\/div>\n<\/details>\n\n\n\n<details class=\"wp-block-details is-layout-flow wp-block-details-is-layout-flow\"><summary>Edited volumes<\/summary>\n<div class=\"wp-block-group has-global-padding is-layout-constrained wp-block-group-is-layout-constrained\">\n<p><a href=\"http:\/\/linguistics.berkeley.edu\/bls\/previous_proceedings\/bls41.pdf\" target=\"_blank\" rel=\"noreferrer noopener\">Jurgensen, Anna, Hannah Sande, Spencer Lamoureux, <strong>Kenneth Baclawski Jr <\/strong>&amp; Alison Zerbe (eds.). 2015. <em>Proceedings of the Berkeley Linguistics Society 41st Annual Meeting. <\/em>Berkeley Linguistics Society.<\/a><\/p>\n<\/div>\n<\/details>\n\n\n\n<h2 class=\"wp-block-heading\">Language data<\/h2>\n\n\n\n<details class=\"wp-block-details is-layout-flow wp-block-details-is-layout-flow\"><summary>Archived materials<\/summary>\n<div class=\"wp-block-group has-global-padding is-layout-constrained wp-block-group-is-layout-constrained\">\n<p><a href=\"http:\/\/dx.doi.org\/doi:10.7297\/X2FB510B\" target=\"_blank\" rel=\"noreferrer noopener\">Mohammad Soleh Thi\u00ean, <strong>Kenneth Baclawski Jr<\/strong>, and Sikhara (\u0110\u00e0ng Thanh Qu\u00f4\u0301c Thu\u00e2\u0323n). Eastern Cham Field Materials, 2014-20. California Language Archive, Survey of California and Other Indian Languages, University of California, Berkeley.<\/a><\/p>\n<\/div>\n<\/details>\n\n\n\n<h2 class=\"wp-block-heading\">Manuscripts<\/h2>\n\n\n\n<details class=\"wp-block-details is-layout-flow wp-block-details-is-layout-flow\"><summary>Articles in preparation, withdrawn due to COVID-19 limitations<\/summary>\n<div class=\"wp-block-group has-global-padding is-layout-constrained wp-block-group-is-layout-constrained\">\n<p><a href=\"https:\/\/kenny.baclawski.org\/wp-content\/uploads\/2023\/12\/Baclawski_2021_Optional_wh-movement.pdf\" data-type=\"attachment\" data-id=\"41\" target=\"_blank\" rel=\"noreferrer noopener\"><strong>Baclawski Jr, Kenneth<\/strong>. Accepted with minor revisions. \u201cEastern Cham optional <em>wh<\/em>-movement is Discourse Connected-movement.\u201d <em>Natural Language &amp; Linguistic Theory. <\/em>Springer Science+Business Media.<\/a> <\/p>\n\n\n\n<p><a href=\"https:\/\/kenny.baclawski.org\/wp-content\/uploads\/2023\/12\/Baclawski_2021_Event_semantics.pdf\" data-type=\"attachment\" data-id=\"42\" target=\"_blank\" rel=\"noreferrer noopener\"><strong>Baclawski Jr, Kenneth<\/strong>. Revise &amp; resubmit. \u201cEvent semantics and discourse-connected movement in Eastern Cham.\u201d <em>Journal of East Asian Linguistics<\/em> (Special Issue on Austronesian Linguistics). Springer.<\/a><\/p>\n<\/div>\n<\/details>\n\n\n\n<details class=\"wp-block-details is-layout-flow wp-block-details-is-layout-flow\"><summary>Cited unpublished manuscripts<\/summary>\n<div class=\"wp-block-group has-global-padding is-layout-constrained wp-block-group-is-layout-constrained\">\n<p><a href=\"https:\/\/kenny.baclawski.org\/wp-content\/uploads\/2023\/12\/Baclawski_2012_Demonstratives.pdf\" data-type=\"attachment\" data-id=\"44\" target=\"_blank\" rel=\"noreferrer noopener\"><strong>Baclawski Jr, Kenneth<\/strong>. 2012. \u201cDemonstratives and primate loud call frequency  variation.\u201d Dartmouth College.<\/a><\/p>\n\n\n\n<p><a href=\"https:\/\/kenny.baclawski.org\/wp-content\/uploads\/2023\/12\/Baclawski_2011_Maori_possession.pdf\" data-type=\"attachment\" data-id=\"43\" target=\"_blank\" rel=\"noreferrer noopener\"><strong>Baclawski Jr, Kenneth<\/strong>. 2011. \u201cA\/O possession in modern M\u0101ori.\u201d Dartmouth College.<\/a><\/p>\n<\/div>\n<\/details>\n\n\n\n<h2 class=\"wp-block-heading\">Conference presentations<\/h2>\n\n\n\n<details class=\"wp-block-details is-layout-flow wp-block-details-is-layout-flow\"><summary>Selected refereed conference presentations<\/summary>\n<div class=\"wp-block-group has-global-padding is-layout-constrained wp-block-group-is-layout-constrained\">\n<details class=\"wp-block-details is-layout-flow wp-block-details-is-layout-flow\"><summary>2020<\/summary>\n<div class=\"wp-block-group is-vertical is-layout-flex wp-container-core-group-is-layout-fe9cc265 wp-block-group-is-layout-flex\">\n<p><a href=\"https:\/\/camcos9.files.wordpress.com\/2020\/09\/backlawskibaier.pdf\" target=\"_blank\" rel=\"noreferrer noopener\">Baier, Nico &amp; <strong>Kenneth Baclawski Jr<\/strong>.  2020, September 9. \u201cMorphological evidence for syntactic information structural features.\u201d Paper presented at the<em> 9th Cambridge Comparative Syntax Conference <\/em>(CamCoS 9 New). Newcastle University, Newcastle, UK. <\/a><\/p>\n\n\n\n<p><strong>Baclawski Jr, Kenneth<\/strong>. 2020, August 20. \u201cEvent semantics and discourse connected movement in Eastern Cham.\u201d Paper presented at the <em>27th Meeting of the Austronesian Formal Linguistics Association<\/em> (AFLA 27), National University of Singapore, Singapore. <\/p>\n\n\n\n<p><strong>Baclawski Jr, Kenneth<\/strong>. 2020. \u201cDP-internal discourse connected-movement in Eastern Cham.\u201d Paper accepted for the 3<em>0th Annual Meeting of the Southeast Asian Linguistics Society <\/em>(SEALS) University of Hawai\u02bbi at M\u0101noa, Honolulu, Hawai\u02bbi. Canceled due to COVID-19.<\/p>\n<\/div>\n<\/details>\n\n\n\n<details class=\"wp-block-details is-layout-flow wp-block-details-is-layout-flow\"><summary>2019<\/summary>\n<div class=\"wp-block-group is-vertical is-layout-flex wp-container-core-group-is-layout-fe9cc265 wp-block-group-is-layout-flex\">\n<p><a href=\"https:\/\/kenny.baclawski.org\/wp-content\/uploads\/2023\/12\/Baclawski_Yang_2019_DETEC_handout.pdf\" target=\"_blank\" rel=\"noreferrer noopener\"><strong>Baclawski Jr, Kenneth<\/strong> &amp; Zihan Cindy Yang.  2019, September 28. \u201cExperimental evidence for the status of the Right-Frontier Constraint.\u201d Paper presented at <em>Discourse Expectations: Theoretical, Experimental, and Computational Perspectives<\/em> (DETEC 2019). Leibniz Centre for General Linguistics (ZAS).<\/a><\/p>\n\n\n\n<p><strong>Baclawski Jr, Kenneth<\/strong>. 2019, May 25. \u201cOptional <em>wh<\/em>-movement and topicalization in Eastern Cham.\u201d Paper presented at the <em>26th Meeting of the Austronesian Formal Linguistics Association<\/em> (AFLA 26), University of Western Ontario, London, Ontario, Canada.<\/p>\n\n\n\n<p><strong>Baclawski Jr, Kenneth<\/strong>. 2019, January 3. \u201cOptional <em>wh<\/em>-movement is discourse-connected movement in Eastern Cham.\u201d Poster presented at the 93rd Annual Meeting of the Linguistic Society of America (LSA 93), New York City, New York.<\/p>\n<\/div>\n<\/details>\n\n\n\n<details class=\"wp-block-details is-layout-flow wp-block-details-is-layout-flow\"><summary>2018<\/summary>\n<div class=\"wp-block-group is-vertical is-layout-flex wp-container-core-group-is-layout-fe9cc265 wp-block-group-is-layout-flex\">\n<p><strong>Baclawski Jr, Kenneth<\/strong>. 2018, December 8. \u201cDiscourse subordination licenses D-linking: An experimental approach to rhetorical relation effects.\u201d Paper presented at <em>Information Structure in Spoken Language Corpora 3<\/em> (ISSLAC 3), University of M\u00fcnster, M\u00fcnster, Germany. <\/p>\n\n\n\n<p><a href=\"https:\/\/kenny.baclawski.org\/wp-content\/uploads\/2023\/12\/Baclawski_2018_NWAV-AP5.pdf\" target=\"_blank\" rel=\"noreferrer noopener\"><strong>Baclawski Jr, Kenneth<\/strong>. 2018, February 2. \u201cConvergence and divergence in Eastern Cham language contact.\u201d Paper presented at <em>New Ways of Analyzing Variation Asia-Pacific 5<\/em> (NWAV-AP 5), University of Queensland, Brisbane, Australia.<\/a><\/p>\n\n\n\n<p><strong>Baclawski Jr, Kenneth<\/strong>. 2018, January 17. \u201cDiscourse connectedness can condition <em>wh<\/em>-ex situ.\u201d Paper presented at <em>GenWH: The Geneva WH-orkshop on Optional Insituness<\/em>, University of Geneva, Geneva, Switzerland.<\/p>\n\n\n\n<p><strong>Baclawski Jr, Kenneth<\/strong>. 2018, January 6. \u201cDiscourse connectedness: Towards a unification of topic and D-linking.\u201d Poster presented at the <em>92nd Annual Meeting of the Linguistic Society of America<\/em> (LSA 92), Salt Lake City, Utah.<\/p>\n\n\n\n<p><a href=\"https:\/\/kenny.baclawski.org\/wp-content\/uploads\/2023\/12\/BBR_2018_ADS-slides.pdf\" target=\"_blank\" rel=\"noreferrer noopener\">Bland, Justin, <strong>Kenneth Baclawski Jr<\/strong> &amp; Matthias Raess. 2018, January 4. \u201cThe first decade of because-NP: 2007-2016.\u201d Paper presented at the <em>American Dialect Society<\/em> (ADS) Annual Meeting, Salt Lake City, Utah.<\/a><\/p>\n<\/div>\n<\/details>\n\n\n\n<details class=\"wp-block-details is-layout-flow wp-block-details-is-layout-flow\"><summary>2017<\/summary>\n<div class=\"wp-block-group is-vertical is-layout-flex wp-container-core-group-is-layout-fe9cc265 wp-block-group-is-layout-flex\">\n<p><strong>Baclawski Jr, Kenneth<\/strong>. 2017, April 30. \u201cSubpart of Focus Fronting is discourse subordination.\u201d Paper presented at the <em>35th West Coast Conference on Formal Linguistics<\/em> (WCCFL 35), University of Calgary, Calgary, Canada.<\/p>\n\n\n\n<p><strong>Baclawski Jr, Kenneth<\/strong>. 2017, January 7. \u201cClause-final particles and focus in Eastern Cham.\u201d Paper presented at the <em>91st Annual Meeting of the Linguistic Society of America<\/em> (LSA 91), Austin, Texas. <\/p>\n<\/div>\n<\/details>\n\n\n\n<details class=\"wp-block-details is-layout-flow wp-block-details-is-layout-flow\"><summary>2016<\/summary>\n<div class=\"wp-block-group is-vertical is-layout-flex wp-container-core-group-is-layout-fe9cc265 wp-block-group-is-layout-flex\">\n<div class=\"wp-block-group is-vertical is-layout-flex wp-container-core-group-is-layout-fe9cc265 wp-block-group-is-layout-flex\">\n<p><strong>Baclawski Jr, Kenneth<\/strong>. 2016, November 6. \u201cCovariance of syntactic and phonological contact effects in Eastern Cham.\u201d Paper presented at <em>New Ways of Analyzing Variation 45<\/em> (NWAV 45), Simon Fraser University, Vancouver, Canada. <\/p>\n\n\n\n<p><strong>Baclawski Jr, Kenneth<\/strong>. 2016, April 23. \u201cTriglossia in Eastern Cham.\u201d Paper presented at <em>New Ways of Analyzing Variation Asia-Pacific 4<\/em> (NWAV-AP 4), National Chung Cheng University, Chiayi, Taiwan. <\/p>\n\n\n\n<p><strong>Baclawski Jr, Kenneth<\/strong>. 2016, January 10. \u201cMultiple fronting restrictions in Eastern Cham: An [ID]-feature account.\u201d Paper presented at the <em>90th Annual Meeting of the Linguistic Society of America<\/em> (LSA 90), Washington DC.<\/p>\n\n\n\n<p><a href=\"https:\/\/kenny.baclawski.org\/wp-content\/uploads\/2023\/12\/BlandRaessBaclawski.pdf\" target=\"_blank\" rel=\"noreferrer noopener\">Bland, Justin, Matthias Raess &amp; <strong>Kenneth Baclawski Jr<\/strong>. 2016, January 9. \u201cBecause Formality: The conjunction-noun construction in online text corpora.\u201d Poster presented at the <em>American Dialect Society<\/em> (ADS) Annual Meeting, Washington DC.<\/a><\/p>\n\n\n\n<p>Lamoureux, Spencer &amp; <strong>Kenneth Baclawski Jr<\/strong>. 2016, January 8. \u201cDoes Aymara have subtractive case morphology?\u201d Poster presented at the <em>90th Annual Meeting of the Linguistic Society of America<\/em> (LSA 90), Washington DC. <\/p>\n<\/div>\n<\/div>\n<\/details>\n\n\n\n<details class=\"wp-block-details is-layout-flow wp-block-details-is-layout-flow\"><summary>2015<\/summary>\n<div class=\"wp-block-group is-vertical is-layout-flex wp-container-core-group-is-layout-fe9cc265 wp-block-group-is-layout-flex\">\n<p><strong>Baclawski Jr, Kenneth<\/strong>. 2015, December 2. \u201cTopic, focus, and <em>wh<\/em>-phrases in Cham (and Moken).\u201d Paper presented at <em>Information Structure in Spoken Language Corpora 2<\/em> (ISSLAC 2), Paris, France.<\/p>\n<\/div>\n<\/details>\n<\/div>\n<\/details>\n","protected":false},"excerpt":{"rendered":"<p>Please find PDFs of some of my papers, presentations, and other manuscripts below. Publications Language data Manuscripts Conference presentations<\/p>\n","protected":false},"author":1,"featured_media":0,"parent":0,"menu_order":0,"comment_status":"closed","ping_status":"closed","template":"","meta":{"footnotes":""},"class_list":["post-19","page","type-page","status-publish","hentry"],"_links":{"self":[{"href":"https:\/\/kenny.baclawski.org\/index.php\/wp-json\/wp\/v2\/pages\/19","targetHints":{"allow":["GET"]}}],"collection":[{"href":"https:\/\/kenny.baclawski.org\/index.php\/wp-json\/wp\/v2\/pages"}],"about":[{"href":"https:\/\/kenny.baclawski.org\/index.php\/wp-json\/wp\/v2\/types\/page"}],"author":[{"embeddable":true,"href":"https:\/\/kenny.baclawski.org\/index.php\/wp-json\/wp\/v2\/users\/1"}],"replies":[{"embeddable":true,"href":"https:\/\/kenny.baclawski.org\/index.php\/wp-json\/wp\/v2\/comments?post=19"}],"version-history":[{"count":30,"href":"https:\/\/kenny.baclawski.org\/index.php\/wp-json\/wp\/v2\/pages\/19\/revisions"}],"predecessor-version":[{"id":112,"href":"https:\/\/kenny.baclawski.org\/index.php\/wp-json\/wp\/v2\/pages\/19\/revisions\/112"}],"wp:attachment":[{"href":"https:\/\/kenny.baclawski.org\/index.php\/wp-json\/wp\/v2\/media?parent=19"}],"curies":[{"name":"wp","href":"https:\/\/api.w.org\/{rel}","templated":true}]}}